{"id":10,"date":"2024-06-20T12:49:55","date_gmt":"2024-06-20T12:49:55","guid":{"rendered":"https:\/\/osteopathie-sandrafleischmann.de\/kontakt\/"},"modified":"2026-04-22T19:42:36","modified_gmt":"2026-04-22T19:42:36","slug":"kontakt","status":"publish","type":"page","link":"https:\/\/osteopathie-sandrafleischmann.de\/en\/kontakt\/","title":{"rendered":"Treatment"},"content":{"rendered":"<div class=\"wp-block-group alignfull has-background-background-color has-background has-global-padding is-layout-constrained wp-container-core-group-is-layout-eed7453c wp-block-group-is-layout-constrained\" style=\"margin-top:0;margin-bottom:0;padding-top:0;padding-right:0;padding-left:0\">\n<div class=\"wp-block-cover alignfull\" style=\"padding-top:0;padding-right:var(--wp--preset--spacing--30);padding-bottom:0;padding-left:var(--wp--preset--spacing--30);min-height:50px;aspect-ratio:unset;\"><img loading=\"lazy\" decoding=\"async\" width=\"2000\" height=\"1333\" class=\"wp-block-cover__image-background wp-image-93\" alt=\"\" src=\"https:\/\/osteopathie-sandrafleischmann.de\/wp-content\/uploads\/2024\/09\/SandraFleischmann_Osteopathie___0012-4.jpg\" data-object-fit=\"cover\" srcset=\"https:\/\/osteopathie-sandrafleischmann.de\/wp-content\/uploads\/2024\/09\/SandraFleischmann_Osteopathie___0012-4.jpg 2000w, https:\/\/osteopathie-sandrafleischmann.de\/wp-content\/uploads\/2024\/09\/SandraFleischmann_Osteopathie___0012-4-300x200.jpg 300w, https:\/\/osteopathie-sandrafleischmann.de\/wp-content\/uploads\/2024\/09\/SandraFleischmann_Osteopathie___0012-4-1024x682.jpg 1024w, https:\/\/osteopathie-sandrafleischmann.de\/wp-content\/uploads\/2024\/09\/SandraFleischmann_Osteopathie___0012-4-768x512.jpg 768w, https:\/\/osteopathie-sandrafleischmann.de\/wp-content\/uploads\/2024\/09\/SandraFleischmann_Osteopathie___0012-4-1536x1024.jpg 1536w\" sizes=\"auto, (max-width: 2000px) 100vw, 2000px\" \/><span aria-hidden=\"true\" class=\"wp-block-cover__background has-black-background-color has-background-dim-60 has-background-dim\"><\/span><div class=\"wp-block-cover__inner-container is-layout-flow wp-block-cover-is-layout-flow\">\n<div class=\"wp-block-group has-global-padding is-layout-constrained wp-block-group-is-layout-constrained\" style=\"padding-top:var(--wp--preset--spacing--60);padding-bottom:var(--wp--preset--spacing--60)\">\n<div class=\"wp-block-columns alignwide are-vertically-aligned-center is-layout-flex wp-container-core-columns-is-layout-947c9d80 wp-block-columns-is-layout-flex\">\n<div class=\"wp-block-column is-vertically-aligned-center is-layout-flow wp-block-column-is-layout-flow\">\n<h1 class=\"wp-block-heading has-text-color has-x-large-font-size\" style=\"color:#fffffffc\">Treatment<\/h1>\n<\/div>\n\n\n\n<div class=\"wp-block-column is-vertically-aligned-center is-layout-flow wp-block-column-is-layout-flow\">\n<p class=\"has-text-color\" style=\"color:#fffffffc\"><\/p>\n<\/div>\n<\/div>\n<\/div>\n<\/div><\/div>\n<\/div>\n\n\n\n<div class=\"wp-block-group alignfull has-background-background-color has-background has-global-padding is-layout-constrained wp-container-core-group-is-layout-254d6575 wp-block-group-is-layout-constrained\" style=\"margin-top:0;margin-bottom:0;padding-top:var(--wp--preset--spacing--60);padding-right:var(--wp--preset--spacing--30);padding-bottom:var(--wp--preset--spacing--60);padding-left:var(--wp--preset--spacing--30)\">\n<h2 class=\"wp-block-heading has-text-align-center has-large-font-size\">Ablauf einer osteopathischen Behandlung<\/h2>\n\n\n\n<p>Um die betroffenen Strukturen herausfinden zu k\u00f6nnen, beginnt die Behandlung mit einer ausf\u00fchrlichen Anamnese (pers\u00f6nliches Gespr\u00e4ch) und einer k\u00f6rperliche Untersuchung. Anschlie\u00dfend folgt eine individuelle Behandlung, die je nach Beschwerdebild und Patient:in sehr unterschiedlich ausfallen kann.<\/p>\n\n\n\n<p>Die Behandlungsdauer und -frequenz ist individuell sehr unterschiedlich. Sie h\u00e4ngen davon ab, ob die Symptome akuter oder chronischer Natur sind und wie der K\u00f6rper auf die Behandlungen reagiert. Im Anschluss an jede Behandlung nehme ich mir Zeit um eine Empfehlung \u00fcber das weitere Vorgehen zu besprechen und Fragen zu beantworten.<\/p>\n\n\n\n<p>Osteopathie ist keine spezielle Technik, mehr ein Prinzip. Sie umfasst sehr viele Techniken, Herangehensweisen und beinhaltet unterschiedlichste Denkmodelle, die besonders durch die eigene Erfahrung, Therapeutinnenidentit\u00e4t gepr\u00e4gt sind. Dabei ist es sch\u00f6n, dass es so viele unterschiedliche Therapeut:innen zu so vielen unterschiedlichen Patient:innen gibt, sodass jede Person eine passende Therapeutin finden kann.<\/p>\n\n\n\n<p class=\"has-text-align-center\">Meine Behandlungen sind eher ruhig, tief und einf\u00fchlsam. Meine Erfahrungen in der Meditation, Bewegungsforschung und der Tanzpraxis informieren dabei meine Behandlung. Das Ziel ist es einerseits alle Spannungen und das Nervensystem zu regulieren, sodass der K\u00f6rper sich wieder selber gut versorgen und heilen kann und andererseits zu ergr\u00fcnden auf welchen Ebenen m\u00f6glicherweise eine Verhaltens\u00e4nderung im Alltag notwendig ist.<\/p>\n<\/div>","protected":false},"excerpt":{"rendered":"<p>Ablauf einer osteopathischen Behandlung Um die betroffenen Strukturen herausfinden zu k\u00f6nnen, beginnt die Behandlung mit einer ausf\u00fchrlichen Anamnese (pers\u00f6nliches Gespr\u00e4ch) und einer k\u00f6rperliche Untersuchung. Anschlie\u00dfend folgt eine individuelle Behandlung, die je nach Beschwerdebild und Patient:in sehr unterschiedlich ausfallen kann. Die Behandlungsdauer und -frequenz ist individuell sehr unterschiedlich. Sie h\u00e4ngen davon ab, ob die Symptome akuter [&hellip;]<\/p>\n","protected":false},"author":1,"featured_media":0,"parent":0,"menu_order":0,"comment_status":"closed","ping_status":"closed","template":"no-title","meta":{"om_disable_all_campaigns":false,"_monsterinsights_skip_tracking":false,"_monsterinsights_sitenote_active":false,"_monsterinsights_sitenote_note":"","_monsterinsights_sitenote_category":0,"footnotes":""},"class_list":["post-10","page","type-page","status-publish","hentry"],"aioseo_notices":[],"_links":{"self":[{"href":"https:\/\/osteopathie-sandrafleischmann.de\/en\/wp-json\/wp\/v2\/pages\/10","targetHints":{"allow":["GET"]}}],"collection":[{"href":"https:\/\/osteopathie-sandrafleischmann.de\/en\/wp-json\/wp\/v2\/pages"}],"about":[{"href":"https:\/\/osteopathie-sandrafleischmann.de\/en\/wp-json\/wp\/v2\/types\/page"}],"author":[{"embeddable":true,"href":"https:\/\/osteopathie-sandrafleischmann.de\/en\/wp-json\/wp\/v2\/users\/1"}],"replies":[{"embeddable":true,"href":"https:\/\/osteopathie-sandrafleischmann.de\/en\/wp-json\/wp\/v2\/comments?post=10"}],"version-history":[{"count":5,"href":"https:\/\/osteopathie-sandrafleischmann.de\/en\/wp-json\/wp\/v2\/pages\/10\/revisions"}],"predecessor-version":[{"id":270,"href":"https:\/\/osteopathie-sandrafleischmann.de\/en\/wp-json\/wp\/v2\/pages\/10\/revisions\/270"}],"wp:attachment":[{"href":"https:\/\/osteopathie-sandrafleischmann.de\/en\/wp-json\/wp\/v2\/media?parent=10"}],"curies":[{"name":"wp","href":"https:\/\/api.w.org\/{rel}","templated":true}]}}