{"id":12,"date":"2024-06-20T12:49:59","date_gmt":"2024-06-20T12:49:59","guid":{"rendered":"https:\/\/osteopathie-sandrafleischmann.de\/erfahrungsberichte\/"},"modified":"2024-11-19T16:44:06","modified_gmt":"2024-11-19T16:44:06","slug":"erfahrungsberichte","status":"publish","type":"page","link":"https:\/\/osteopathie-sandrafleischmann.de\/en\/erfahrungsberichte\/","title":{"rendered":"About me"},"content":{"rendered":"<div class=\"wp-block-group alignfull has-global-padding is-layout-constrained wp-container-core-group-is-layout-eed7453c wp-block-group-is-layout-constrained\" style=\"margin-top:0;margin-bottom:0;padding-top:0;padding-right:0;padding-left:0\">\n<div class=\"wp-block-cover alignfull\" style=\"padding-top:0;padding-right:var(--wp--preset--spacing--30);padding-bottom:0;padding-left:var(--wp--preset--spacing--30);min-height:50px;aspect-ratio:unset;\"><span aria-hidden=\"true\" class=\"wp-block-cover__background has-black-background-color has-background-dim-60 has-background-dim\"><\/span><img loading=\"lazy\" decoding=\"async\" width=\"2000\" height=\"1333\" class=\"wp-block-cover__image-background wp-image-86\" alt=\"\" src=\"https:\/\/osteopathie-sandrafleischmann.de\/wp-content\/uploads\/2024\/09\/SandraFleischmann_Osteopathie___0012-2.jpg\" data-object-fit=\"cover\" srcset=\"https:\/\/osteopathie-sandrafleischmann.de\/wp-content\/uploads\/2024\/09\/SandraFleischmann_Osteopathie___0012-2.jpg 2000w, https:\/\/osteopathie-sandrafleischmann.de\/wp-content\/uploads\/2024\/09\/SandraFleischmann_Osteopathie___0012-2-300x200.jpg 300w, https:\/\/osteopathie-sandrafleischmann.de\/wp-content\/uploads\/2024\/09\/SandraFleischmann_Osteopathie___0012-2-1024x682.jpg 1024w, https:\/\/osteopathie-sandrafleischmann.de\/wp-content\/uploads\/2024\/09\/SandraFleischmann_Osteopathie___0012-2-768x512.jpg 768w, https:\/\/osteopathie-sandrafleischmann.de\/wp-content\/uploads\/2024\/09\/SandraFleischmann_Osteopathie___0012-2-1536x1024.jpg 1536w\" sizes=\"auto, (max-width: 2000px) 100vw, 2000px\" \/><div class=\"wp-block-cover__inner-container is-layout-flow wp-block-cover-is-layout-flow\">\n<div class=\"wp-block-group has-global-padding is-layout-constrained wp-block-group-is-layout-constrained\" style=\"padding-top:var(--wp--preset--spacing--60);padding-bottom:var(--wp--preset--spacing--60)\">\n<div class=\"wp-block-columns alignwide are-vertically-aligned-center is-layout-flex wp-container-core-columns-is-layout-947c9d80 wp-block-columns-is-layout-flex\">\n<div class=\"wp-block-column is-vertically-aligned-center is-layout-flow wp-block-column-is-layout-flow\">\n<h1 class=\"wp-block-heading has-text-color has-x-large-font-size\" style=\"color:#fffffffc\">About me<\/h1>\n<\/div>\n\n\n\n<div class=\"wp-block-column is-vertically-aligned-center is-layout-flow wp-block-column-is-layout-flow\">\n<p class=\"has-text-color\" style=\"color:#fffffffc\">.<\/p>\n<\/div>\n<\/div>\n<\/div>\n<\/div><\/div>\n<\/div>\n\n\n\n<div class=\"wp-block-group alignfull has-custom-color-1-color has-text-color has-link-color wp-elements-882f297d3cf4979e7ba747f3446ec290 has-global-padding is-layout-constrained wp-container-core-group-is-layout-68d5e5bb wp-block-group-is-layout-constrained\" style=\"margin-top:0;margin-bottom:0;padding-top:var(--wp--preset--spacing--50);padding-right:var(--wp--preset--spacing--30);padding-bottom:var(--wp--preset--spacing--60);padding-left:var(--wp--preset--spacing--30)\">\n<div class=\"wp-block-group alignwide has-global-padding is-content-justification-left is-layout-constrained wp-container-core-group-is-layout-12dd3699 wp-block-group-is-layout-constrained\">\n<h2 class=\"wp-block-heading has-large-font-size\"><\/h2>\n<\/div>\n\n\n\n<div class=\"wp-block-columns alignwide is-layout-flex wp-container-core-columns-is-layout-47c06fe3 wp-block-columns-is-layout-flex\">\n<div class=\"wp-block-column is-layout-flow wp-block-column-is-layout-flow\">\n<figure class=\"wp-block-image size-large\"><img loading=\"lazy\" decoding=\"async\" width=\"682\" height=\"1024\" src=\"https:\/\/osteopathie-sandrafleischmann.de\/wp-content\/uploads\/2024\/09\/SandraFleischmann_Osteopathie___0003-682x1024.jpg\" alt=\"\" class=\"wp-image-87\" style=\"aspect-ratio:1;object-fit:cover\" srcset=\"https:\/\/osteopathie-sandrafleischmann.de\/wp-content\/uploads\/2024\/09\/SandraFleischmann_Osteopathie___0003-682x1024.jpg 682w, https:\/\/osteopathie-sandrafleischmann.de\/wp-content\/uploads\/2024\/09\/SandraFleischmann_Osteopathie___0003-200x300.jpg 200w, https:\/\/osteopathie-sandrafleischmann.de\/wp-content\/uploads\/2024\/09\/SandraFleischmann_Osteopathie___0003-768x1152.jpg 768w, https:\/\/osteopathie-sandrafleischmann.de\/wp-content\/uploads\/2024\/09\/SandraFleischmann_Osteopathie___0003-1024x1536.jpg 1024w, https:\/\/osteopathie-sandrafleischmann.de\/wp-content\/uploads\/2024\/09\/SandraFleischmann_Osteopathie___0003.jpg 1333w\" sizes=\"auto, (max-width: 682px) 100vw, 682px\" \/><\/figure>\n<\/div>\n\n\n\n<div class=\"wp-block-column is-layout-flow wp-block-column-is-layout-flow\">\n<p>I have been studying and practising osteopathy, alternative medicine and psychological counselling in Hamburg since 2016.<\/p>\n\n\n\n<p>In 2023, I completed my 5-year osteopathy degree at Skom in Hamburg (1350+ hours).<\/p>\n<\/div>\n\n\n\n<div class=\"wp-block-column is-layout-flow wp-block-column-is-layout-flow\">\n<p>I am a passionate movement researcher, dancer and meditator.<\/p>\n\n\n\n<p>My practices include contact improvisation &amp; tango, Buddhist meditation, body-mind centering and pottery.<\/p>\n\n\n\n<p>I am interested in supporting the body and mind so that it can heal itself using its own resources.<\/p>\n\n\n\n<p>I want to give you a space that helps you develop your potential.<\/p>\n<\/div>\n<\/div>\n<\/div>\n\n\n\n<p><\/p>","protected":false},"excerpt":{"rendered":"<p>Ich habe Osteopathie, Heilpraktiker und psychologische Beratung in Hamburg seit 2016 studiert und praktiziert. In 2023 habe ich meine 5-J\u00e4hriges Osteopatiestudium an der Skom in Hamburg abgeschlossen (1350+ Stunden). Ich bin eine passionierte Bewegungsforscherin, T\u00e4nzerin und Meditateurin. Meine Praktiken beinhalten Contact Improvisation &amp; Tango, Buddhist Meditation, Body-Mind-Centering und T\u00f6pfern. Ich interessiere mich daf\u00fcr den K\u00f6rper-Geist [&hellip;]<\/p>\n","protected":false},"author":1,"featured_media":0,"parent":0,"menu_order":0,"comment_status":"closed","ping_status":"closed","template":"no-title","meta":{"om_disable_all_campaigns":false,"_monsterinsights_skip_tracking":false,"_monsterinsights_sitenote_active":false,"_monsterinsights_sitenote_note":"","_monsterinsights_sitenote_category":0,"footnotes":""},"class_list":["post-12","page","type-page","status-publish","hentry"],"aioseo_notices":[],"_links":{"self":[{"href":"https:\/\/osteopathie-sandrafleischmann.de\/en\/wp-json\/wp\/v2\/pages\/12","targetHints":{"allow":["GET"]}}],"collection":[{"href":"https:\/\/osteopathie-sandrafleischmann.de\/en\/wp-json\/wp\/v2\/pages"}],"about":[{"href":"https:\/\/osteopathie-sandrafleischmann.de\/en\/wp-json\/wp\/v2\/types\/page"}],"author":[{"embeddable":true,"href":"https:\/\/osteopathie-sandrafleischmann.de\/en\/wp-json\/wp\/v2\/users\/1"}],"replies":[{"embeddable":true,"href":"https:\/\/osteopathie-sandrafleischmann.de\/en\/wp-json\/wp\/v2\/comments?post=12"}],"version-history":[{"count":7,"href":"https:\/\/osteopathie-sandrafleischmann.de\/en\/wp-json\/wp\/v2\/pages\/12\/revisions"}],"predecessor-version":[{"id":211,"href":"https:\/\/osteopathie-sandrafleischmann.de\/en\/wp-json\/wp\/v2\/pages\/12\/revisions\/211"}],"wp:attachment":[{"href":"https:\/\/osteopathie-sandrafleischmann.de\/en\/wp-json\/wp\/v2\/media?parent=12"}],"curies":[{"name":"wp","href":"https:\/\/api.w.org\/{rel}","templated":true}]}}