{"id":13,"date":"2024-06-20T12:49:59","date_gmt":"2024-06-20T12:49:59","guid":{"rendered":"https:\/\/osteopathie-sandrafleischmann.de\/dienstleistungen\/"},"modified":"2024-11-20T15:05:26","modified_gmt":"2024-11-20T15:05:26","slug":"dienstleistungen","status":"publish","type":"page","link":"https:\/\/osteopathie-sandrafleischmann.de\/en\/dienstleistungen\/","title":{"rendered":"Osteopathy"},"content":{"rendered":"<div class=\"wp-block-group alignfull has-global-padding is-layout-constrained wp-container-core-group-is-layout-eed7453c wp-block-group-is-layout-constrained\" style=\"margin-top:0;margin-bottom:0;padding-top:0;padding-right:0;padding-left:0\">\n<div class=\"wp-block-cover alignfull\" style=\"padding-top:0;padding-right:var(--wp--preset--spacing--30);padding-bottom:0;padding-left:var(--wp--preset--spacing--30);min-height:50px;aspect-ratio:unset;\"><span aria-hidden=\"true\" class=\"wp-block-cover__background has-black-background-color has-background-dim-60 has-background-dim\"><\/span><img loading=\"lazy\" decoding=\"async\" width=\"2000\" height=\"1333\" class=\"wp-block-cover__image-background wp-image-83\" alt=\"\" src=\"https:\/\/osteopathie-sandrafleischmann.de\/wp-content\/uploads\/2024\/09\/SandraFleischmann_Osteopathie___0012-1.jpg\" data-object-fit=\"cover\" srcset=\"https:\/\/osteopathie-sandrafleischmann.de\/wp-content\/uploads\/2024\/09\/SandraFleischmann_Osteopathie___0012-1.jpg 2000w, https:\/\/osteopathie-sandrafleischmann.de\/wp-content\/uploads\/2024\/09\/SandraFleischmann_Osteopathie___0012-1-300x200.jpg 300w, https:\/\/osteopathie-sandrafleischmann.de\/wp-content\/uploads\/2024\/09\/SandraFleischmann_Osteopathie___0012-1-1024x682.jpg 1024w, https:\/\/osteopathie-sandrafleischmann.de\/wp-content\/uploads\/2024\/09\/SandraFleischmann_Osteopathie___0012-1-768x512.jpg 768w, https:\/\/osteopathie-sandrafleischmann.de\/wp-content\/uploads\/2024\/09\/SandraFleischmann_Osteopathie___0012-1-1536x1024.jpg 1536w\" sizes=\"auto, (max-width: 2000px) 100vw, 2000px\" \/><div class=\"wp-block-cover__inner-container is-layout-flow wp-block-cover-is-layout-flow\">\n<div class=\"wp-block-group has-global-padding is-layout-constrained wp-block-group-is-layout-constrained\" style=\"padding-top:var(--wp--preset--spacing--60);padding-bottom:var(--wp--preset--spacing--60)\">\n<div class=\"wp-block-columns alignwide are-vertically-aligned-center is-layout-flex wp-container-core-columns-is-layout-947c9d80 wp-block-columns-is-layout-flex\">\n<div class=\"wp-block-column is-vertically-aligned-center is-layout-flow wp-block-column-is-layout-flow\">\n<h1 class=\"wp-block-heading has-text-align-right has-text-color has-x-large-font-size\" style=\"color:#fffffffc\">What is Osteopathy?<\/h1>\n<\/div>\n\n\n\n<div class=\"wp-block-column is-vertically-aligned-center is-layout-flow wp-block-column-is-layout-flow\">\n<p class=\"has-text-align-center has-text-color\" style=\"color:#fffffffc\"><em>\u201eAn osteopath works with hands that feel, see, think and know.\" <\/em><\/p>\n\n\n\n<p class=\"has-text-align-center has-text-color\" style=\"color:#fffffffc\">William Garner Sutherland  \/ Founder of Craniosacral Osteopathy<\/p>\n<\/div>\n<\/div>\n<\/div>\n<\/div><\/div>\n<\/div>\n\n\n\n<div class=\"wp-block-group alignfull has-global-padding is-layout-constrained wp-container-core-group-is-layout-28549256 wp-block-group-is-layout-constrained\" style=\"margin-top:0;margin-bottom:0;padding-top:var(--wp--preset--spacing--60);padding-right:var(--wp--preset--spacing--30);padding-bottom:var(--wp--preset--spacing--60);padding-left:var(--wp--preset--spacing--30)\">\n<div class=\"wp-block-group alignwide has-global-padding is-content-justification-left is-layout-constrained wp-container-core-group-is-layout-8b4c372c wp-block-group-is-layout-constrained\">\n<h2 class=\"wp-block-heading has-large-font-size\">Philosophie<\/h2>\n\n\n\n<p class=\"has-text-align-left\">The <strong>osteopathic medicine<\/strong> is a <strong>holistic<\/strong> and manual medicine, which serves to detect and treat functional disorders in the human body.<\/p>\n\n\n\n<p>The osteopath energises the body through <strong>gentle and respectful treatment<\/strong> to rediscover the original freedom of movement. The focus is on the strength, health and vitality of the body and thus on the natural <strong>self-healing ability<\/strong> directed.<\/p>\n\n\n\n<p>Human beings are a unity of body, mind and soul. All cells, tissues and organs work together and interact with each other.<\/p>\n\n\n\n<p>The body has&nbsp;<strong>self-healing powers<\/strong>. That's why it's always about finding health in the body and not focusing on illness! Everything we need is in&nbsp;<strong>us<\/strong>!<\/p>\n<\/div>\n\n\n\n<p><\/p>\n\n\n\n<div class=\"wp-block-group alignwide has-global-padding is-content-justification-left is-layout-constrained wp-container-core-group-is-layout-8b4c372c wp-block-group-is-layout-constrained\">\n<h2 class=\"wp-block-heading has-large-font-size\">The 3 systems of osteopathy<\/h2>\n<\/div>\n\n\n\n<div class=\"wp-block-columns alignwide are-vertically-aligned-top is-layout-flex wp-container-core-columns-is-layout-08c01c1c wp-block-columns-is-layout-flex\">\n<div class=\"wp-block-column is-vertically-aligned-top is-layout-flow wp-block-column-is-layout-flow\">\n<div class=\"wp-block-group has-global-padding is-layout-constrained wp-block-group-is-layout-constrained\">\n<h3 class=\"wp-block-heading\" style=\"font-size:clamp(14px, 0.875rem + ((1vw - 3.2px) * 0.625), 20px);line-height:1.5\">Parietales System<\/h3>\n\n\n\n<p class=\"has-small-font-size\" style=\"margin-top:8px\">This refers to the entire musculoskeletal system, consisting of bones, joints, muscles, ligaments and fascia.<\/p>\n\n\n\n<p class=\"has-small-font-size\" style=\"margin-top:8px\">Pain is often perceived via the parietal system, but can also originate in the other two functional units.<\/p>\n<\/div>\n\n\n\n<div class=\"wp-block-group has-global-padding is-layout-constrained wp-block-group-is-layout-constrained\">\n<h3 class=\"wp-block-heading\" style=\"font-size:clamp(14px, 0.875rem + ((1vw - 3.2px) * 0.625), 20px);line-height:1.5\">Visceral system<\/h3>\n\n\n\n<p class=\"has-small-font-size\" style=\"margin-top:8px\">Visceral osteopathy deals with the organs of the chest and abdominal cavity and the small pelvis, as well as their suspensions, connections and vascular structures. Tension, displacement and the functional interaction of the organs are tested and treated.<\/p>\n<\/div>\n\n\n\n<div class=\"wp-block-group has-global-padding is-layout-constrained wp-block-group-is-layout-constrained\">\n<h3 class=\"wp-block-heading\" style=\"font-size:clamp(14px, 0.875rem + ((1vw - 3.2px) * 0.625), 20px);line-height:1.5\">craniosacral system<\/h3>\n\n\n\n<p class=\"has-small-font-size\" style=\"margin-top:8px\">Craniosacral osteopathy is concerned with the treatment of the skull (cranium), the spinal column with the sacrum.<\/p>\n\n\n\n<p class=\"has-small-font-size\" style=\"margin-top:8px\">The focus here is on the central, peripheral and autonomic nervous systems.<\/p>\n\n\n\n<p>All three areas of osteopathy are given equal consideration in each therapy session. However, the emphasis placed on each area can vary greatly.<\/p>\n<\/div>\n<\/div>\n\n\n\n<div class=\"wp-block-column is-vertically-aligned-top is-layout-flow wp-block-column-is-layout-flow\">\n<figure class=\"wp-block-image size-large ext-aspect-landscape\"><img loading=\"lazy\" decoding=\"async\" width=\"1024\" height=\"682\" src=\"https:\/\/osteopathie-sandrafleischmann.de\/wp-content\/uploads\/2024\/09\/SandraFleischmann_Osteopathie___0049-1024x682.jpg\" alt=\"\" class=\"wp-image-79\" style=\"aspect-ratio:1.3333333333333333;object-fit:cover\" srcset=\"https:\/\/osteopathie-sandrafleischmann.de\/wp-content\/uploads\/2024\/09\/SandraFleischmann_Osteopathie___0049-1024x682.jpg 1024w, https:\/\/osteopathie-sandrafleischmann.de\/wp-content\/uploads\/2024\/09\/SandraFleischmann_Osteopathie___0049-300x200.jpg 300w, https:\/\/osteopathie-sandrafleischmann.de\/wp-content\/uploads\/2024\/09\/SandraFleischmann_Osteopathie___0049-768x512.jpg 768w, https:\/\/osteopathie-sandrafleischmann.de\/wp-content\/uploads\/2024\/09\/SandraFleischmann_Osteopathie___0049-1536x1024.jpg 1536w, https:\/\/osteopathie-sandrafleischmann.de\/wp-content\/uploads\/2024\/09\/SandraFleischmann_Osteopathie___0049.jpg 2000w\" sizes=\"auto, (max-width: 1024px) 100vw, 1024px\" \/><\/figure>\n<\/div>\n<\/div>\n<\/div>","protected":false},"excerpt":{"rendered":"<p>Philosophie Die osteopathische Medizin ist eine ganzheitliche und manuelle Medizin, die der Erkennung und Behandlung von Funktionsst\u00f6rungen im menschlichen K\u00f6rper dient. Der Osteopath l\u00e4dt den K\u00f6rper durch sanfte und respektvolle Behandlung ein, die urspr\u00fcngliche Freiheit der Bewegung wieder zu entdecken. Die Aufmerksamkeit wird dabei auf die Kraft, Gesundheit und Vitalit\u00e4t im K\u00f6rper und damit auf [&hellip;]<\/p>\n","protected":false},"author":1,"featured_media":0,"parent":0,"menu_order":0,"comment_status":"closed","ping_status":"closed","template":"no-title","meta":{"om_disable_all_campaigns":false,"_monsterinsights_skip_tracking":false,"_monsterinsights_sitenote_active":false,"_monsterinsights_sitenote_note":"","_monsterinsights_sitenote_category":0,"footnotes":""},"class_list":["post-13","page","type-page","status-publish","hentry"],"aioseo_notices":[],"_links":{"self":[{"href":"https:\/\/osteopathie-sandrafleischmann.de\/en\/wp-json\/wp\/v2\/pages\/13","targetHints":{"allow":["GET"]}}],"collection":[{"href":"https:\/\/osteopathie-sandrafleischmann.de\/en\/wp-json\/wp\/v2\/pages"}],"about":[{"href":"https:\/\/osteopathie-sandrafleischmann.de\/en\/wp-json\/wp\/v2\/types\/page"}],"author":[{"embeddable":true,"href":"https:\/\/osteopathie-sandrafleischmann.de\/en\/wp-json\/wp\/v2\/users\/1"}],"replies":[{"embeddable":true,"href":"https:\/\/osteopathie-sandrafleischmann.de\/en\/wp-json\/wp\/v2\/comments?post=13"}],"version-history":[{"count":8,"href":"https:\/\/osteopathie-sandrafleischmann.de\/en\/wp-json\/wp\/v2\/pages\/13\/revisions"}],"predecessor-version":[{"id":217,"href":"https:\/\/osteopathie-sandrafleischmann.de\/en\/wp-json\/wp\/v2\/pages\/13\/revisions\/217"}],"wp:attachment":[{"href":"https:\/\/osteopathie-sandrafleischmann.de\/en\/wp-json\/wp\/v2\/media?parent=13"}],"curies":[{"name":"wp","href":"https:\/\/api.w.org\/{rel}","templated":true}]}}